{"id":3171,"date":"2025-07-17T19:14:03","date_gmt":"2025-07-17T17:14:03","guid":{"rendered":"https:\/\/otiumfeed.it\/soutenez-nous\/"},"modified":"2025-11-05T17:36:42","modified_gmt":"2025-11-05T16:36:42","slug":"soutenez-nous","status":"publish","type":"page","link":"https:\/\/otiumfeed.it\/fr\/soutenez-nous\/","title":{"rendered":"Soutenez-nous"},"content":{"rendered":"<p>[et_pb_section fb_built=\u00a0\u00bb1&Prime; _builder_version=\u00a0\u00bb4.27.4&Prime; _module_preset=\u00a0\u00bbdefault\u00a0\u00bb background_image=\u00a0\u00bbhttps:\/\/otiumfeed.it\/wp-content\/uploads\/2025\/07\/otium.jpg\u00a0\u00bb global_colors_info=\u00a0\u00bb{}\u00a0\u00bb][et_pb_row column_structure=\u00a0\u00bb1_3,1_3,1_3&Prime; _builder_version=\u00a0\u00bb4.27.4&Prime; _module_preset=\u00a0\u00bbdefault\u00a0\u00bb global_colors_info=\u00a0\u00bb{}\u00a0\u00bb][et_pb_column type=\u00a0\u00bb1_3&Prime; _builder_version=\u00a0\u00bb4.27.4&Prime; _module_preset=\u00a0\u00bbdefault\u00a0\u00bb background_color=\u00a0\u00bb#FFFFFF\u00a0\u00bb custom_padding=\u00a0\u00bb41px|41px|41px|41px|true|true\u00a0\u00bb border_radii=\u00a0\u00bbon|25px|25px|25px|25px\u00a0\u00bb box_shadow_style=\u00a0\u00bbpreset3&Prime; global_colors_info=\u00a0\u00bb{}\u00a0\u00bb][et_pb_text _builder_version=\u00a0\u00bb4.27.4&Prime; _module_preset=\u00a0\u00bbdefault\u00a0\u00bb header_text_align=\u00a0\u00bbcenter\u00a0\u00bb header_text_color=\u00a0\u00bb#33B193&Prime; header_2_text_align=\u00a0\u00bbcenter\u00a0\u00bb header_2_text_color=\u00a0\u00bb#33B193&Prime; custom_margin=\u00a0\u00bb||-8px||false|false\u00a0\u00bb global_colors_info=\u00a0\u00bb{}\u00a0\u00bb]<\/p>\n<h2>Donateur<\/h2>\n<p>[\/et_pb_text][et_pb_icon font_icon=\u00a0\u00bb&#xf4b9;||fa||900&Prime; icon_color=\u00a0\u00bb#33B193&Prime; icon_width=\u00a0\u00bb52px\u00a0\u00bb _builder_version=\u00a0\u00bb4.27.4&Prime; _module_preset=\u00a0\u00bbdefault\u00a0\u00bb global_colors_info=\u00a0\u00bb{}\u00a0\u00bb][\/et_pb_icon][et_pb_divider divider_style=\u00a0\u00bbinset\u00a0\u00bb _builder_version=\u00a0\u00bb4.27.4&Prime; _module_preset=\u00a0\u00bbdefault\u00a0\u00bb global_colors_info=\u00a0\u00bb{}\u00a0\u00bb][\/et_pb_divider][et_pb_text _builder_version=\u00a0\u00bb4.27.4&Prime; _module_preset=\u00a0\u00bbdefault\u00a0\u00bb text_text_color=\u00a0\u00bb#000000&Prime; global_colors_info=\u00a0\u00bb{}\u00a0\u00bb]<\/p>\n<div class=\"et_pb_text_inner\">\n<p><strong>En faisant un don, vous contribuez \u00e0:<\/strong><\/p>\n<ul>\n<li>am\u00e9liorer et multiplier les \u00e9v\u00e9nements et initiatives culturelles;<\/li>\n<li>enrichir les rayons de notre biblioth\u00e8que ind\u00e9pendante avec de nouveaux livres ;<\/li>\n<li>participer \u00e0 une communaut\u00e9 en ligne active (r\u00e9seaux sociaux et WhatsApp);<\/li>\n<li>renforcer l\u2019identit\u00e9 d\u2019OTIUM en tant que centre culturel moderne et inclusif.<\/li>\n<\/ul>\n<p><strong>Les donateurs b\u00e9n\u00e9ficient d\u2019un acc\u00e8s exclusif \u00e0 nos canaux priv\u00e9s pour rester inform\u00e9s en avant-premi\u00e8re.<\/strong><\/p>\n<p><strong>Choisissez votre contribution et faites un don d\u00e8s maintenant:<\/strong><\/p>\n<\/div>\n<p>[\/et_pb_text][et_pb_button button_url=\u00a0\u00bbhttps:\/\/donate.stripe.com\/28EbJ2fv181DcjP8j8bsc0b\u00a0\u00bb url_new_window=\u00a0\u00bbon\u00a0\u00bb button_text=\u00a0\u00bbFais un don maintenant\u00a0\u00bb button_alignment=\u00a0\u00bbcenter\u00a0\u00bb module_class=\u00a0\u00bbw-100&Prime; _builder_version=\u00a0\u00bb4.27.4&Prime; _module_preset=\u00a0\u00bbdefault\u00a0\u00bb custom_margin=\u00a0\u00bb||8px||false|false\u00a0\u00bb global_colors_info=\u00a0\u00bb{}\u00a0\u00bb][\/et_pb_button][\/et_pb_column][et_pb_column type=\u00a0\u00bb1_3&Prime; _builder_version=\u00a0\u00bb4.27.4&Prime; _module_preset=\u00a0\u00bbdefault\u00a0\u00bb background_color=\u00a0\u00bb#FFFFFF\u00a0\u00bb custom_padding=\u00a0\u00bb41px|41px|41px|41px|true|true\u00a0\u00bb border_radii=\u00a0\u00bbon|25px|25px|25px|25px\u00a0\u00bb box_shadow_style=\u00a0\u00bbpreset3&Prime; global_colors_info=\u00a0\u00bb{}\u00a0\u00bb][et_pb_text _builder_version=\u00a0\u00bb4.27.4&Prime; _module_preset=\u00a0\u00bbdefault\u00a0\u00bb header_text_align=\u00a0\u00bbcenter\u00a0\u00bb header_text_color=\u00a0\u00bb#33B193&Prime; header_2_text_align=\u00a0\u00bbcenter\u00a0\u00bb header_2_text_color=\u00a0\u00bb#E30D64&Prime; custom_margin=\u00a0\u00bb||-8px||false|false\u00a0\u00bb global_colors_info=\u00a0\u00bb{}\u00a0\u00bb]<\/p>\n<h2>Adh\u00e9rent<\/h2>\n<p>[\/et_pb_text][et_pb_icon font_icon=\u00a0\u00bb&#xf0c0;||fa||900&Prime; icon_color=\u00a0\u00bb#E30D64&Prime; icon_width=\u00a0\u00bb52px\u00a0\u00bb _builder_version=\u00a0\u00bb4.27.4&Prime; _module_preset=\u00a0\u00bbdefault\u00a0\u00bb global_colors_info=\u00a0\u00bb{}\u00a0\u00bb][\/et_pb_icon][et_pb_divider divider_style=\u00a0\u00bbinset\u00a0\u00bb _builder_version=\u00a0\u00bb4.27.4&Prime; _module_preset=\u00a0\u00bbdefault\u00a0\u00bb global_colors_info=\u00a0\u00bb{}\u00a0\u00bb][\/et_pb_divider][et_pb_text _builder_version=\u00a0\u00bb4.27.4&Prime; _module_preset=\u00a0\u00bbdefault\u00a0\u00bb text_text_color=\u00a0\u00bb#000000&Prime; global_colors_info=\u00a0\u00bb{}\u00a0\u00bb]<\/p>\n<div class=\"et_pb_text_inner\">\n<p>Rejoignez une communaut\u00e9 vivante et passionn\u00e9e qui soutient la culture ind\u00e9pendante.<\/p>\n<p><strong>Avantages r\u00e9serv\u00e9s aux adh\u00e9rents:<\/strong><\/p>\n<ul>\n<li>r\u00e9ductions exclusives sur tous les livres de notre librairie ind\u00e9pendante;<\/li>\n<li>r\u00e9ductions sur nos concerts, ateliers, \u00e9v\u00e9nements et rencontres culturelles;<\/li>\n<li>participation active \u00e0 la vie et aux d\u00e9cisions de la communaut\u00e9;<\/li>\n<li>acc\u00e8s anticip\u00e9 \u00e0 des nouvelles, \u00e9v\u00e9nements et contenus sp\u00e9ciaux.<\/li>\n<\/ul>\n<p><strong>Adh\u00e9rez avec une cotisation annuelle de 120 \u20ac et laissez-nous votre adresse e-mail: nous vous contacterons pour finaliser l\u2019inscription.<\/strong><\/p>\n<\/div>\n<p>[\/et_pb_text][et_pb_button button_url=\u00a0\u00bbhttps:\/\/donate.stripe.com\/bJefZifv1gy96Zv7f4bsc0a\u00a0\u00bb url_new_window=\u00a0\u00bbon\u00a0\u00bb button_text=\u00a0\u00bbDevenir adh\u00e9rent\u00a0\u00bb button_alignment=\u00a0\u00bbcenter\u00a0\u00bb module_class=\u00a0\u00bbw-100&Prime; _builder_version=\u00a0\u00bb4.27.4&Prime; _module_preset=\u00a0\u00bbdefault\u00a0\u00bb button_bg_color=\u00a0\u00bb#E30D64&Prime; global_colors_info=\u00a0\u00bb{}\u00a0\u00bb][\/et_pb_button][\/et_pb_column][et_pb_column type=\u00a0\u00bb1_3&Prime; _builder_version=\u00a0\u00bb4.27.4&Prime; _module_preset=\u00a0\u00bbdefault\u00a0\u00bb background_color=\u00a0\u00bb#FFFFFF\u00a0\u00bb custom_padding=\u00a0\u00bb41px|41px|41px|41px|true|true\u00a0\u00bb border_radii=\u00a0\u00bbon|25px|25px|25px|25px\u00a0\u00bb box_shadow_style=\u00a0\u00bbpreset3&Prime; global_colors_info=\u00a0\u00bb{}\u00a0\u00bb][et_pb_text _builder_version=\u00a0\u00bb4.27.4&Prime; _module_preset=\u00a0\u00bbdefault\u00a0\u00bb header_text_align=\u00a0\u00bbcenter\u00a0\u00bb header_text_color=\u00a0\u00bb#33B193&Prime; header_2_text_align=\u00a0\u00bbcenter\u00a0\u00bb header_2_text_color=\u00a0\u00bb#0C71C3&Prime; custom_margin=\u00a0\u00bb||-8px||false|false\u00a0\u00bb global_colors_info=\u00a0\u00bb{}\u00a0\u00bb]<\/p>\n<h2>Partenaire Entreprise<\/h2>\n<p>[\/et_pb_text][et_pb_icon font_icon=\u00a0\u00bb&#xf2b5;||fa||400&Prime; icon_color=\u00a0\u00bb#0C71C3&Prime; icon_width=\u00a0\u00bb52px\u00a0\u00bb _builder_version=\u00a0\u00bb4.27.4&Prime; _module_preset=\u00a0\u00bbdefault\u00a0\u00bb global_colors_info=\u00a0\u00bb{}\u00a0\u00bb][\/et_pb_icon][et_pb_divider divider_style=\u00a0\u00bbinset\u00a0\u00bb _builder_version=\u00a0\u00bb4.27.4&Prime; _module_preset=\u00a0\u00bbdefault\u00a0\u00bb global_colors_info=\u00a0\u00bb{}\u00a0\u00bb][\/et_pb_divider][et_pb_text _builder_version=\u00a0\u00bb4.27.4&Prime; _module_preset=\u00a0\u00bbdefault\u00a0\u00bb text_text_color=\u00a0\u00bb#000000&Prime; hover_enabled=\u00a0\u00bb0&Prime; global_colors_info=\u00a0\u00bb{}\u00a0\u00bb sticky_enabled=\u00a0\u00bb0&Prime;]<\/p>\n<div class=\"et_pb_text_inner\">\n<p>Transformez-vous en une <strong>entreprise qui croit en la valeur de la culture<\/strong> et soutient la <strong>participation sociale<\/strong>. Rejoignez-nous pour construire un <strong>r\u00e9seau durable<\/strong> et <strong>g\u00e9n\u00e9rer une valeur partag\u00e9e<\/strong>.<\/p>\n<p><strong>Comment devenir partenaire<\/strong><br \/>\n      \u2022 <strong>Art Bonus<\/strong> : b\u00e9n\u00e9ficiez d\u2019un cr\u00e9dit d\u2019imp\u00f4t \u00e9gal \u00e0 65 % du montant donn\u00e9.\n   <\/p>\n<div class=\"et_pb_button_module_wrapper et_pb_button_2_wrapper et_pb_button_alignment_center et_pb_module \">\n      <a class=\"et_pb_button et_pb_button_2 w-100 et_pb_bg_layout_light\" href=\"https:\/\/artbonus.gov.it\/3755-i-concerti-di-otium.html\" target=\"_blank\" rel=\"noopener\" data-cmp-ab=\"2\">En savoir plus<\/a>\n   <\/div>\n\n<div>\u2022 <strong>\u00c9crivez-nous<\/strong> \u00e0 : <a href=\"mailto:info@otiumfeed.it\" target=\"_blank\" rel=\"noopener\" data-cmp-ab=\"2\">info@otiumfeed.it<\/a> pour d\u00e9velopper ensemble une collaboration personnalis\u00e9e.<\/div>\n<p><\/div>\n<p>[\/et_pb_text][et_pb_button button_url=\u00a0\u00bb@ET-DC@eyJkeW5hbWljIjp0cnVlLCJjb250ZW50IjoicG9zdF9saW5rX3VybF9wYWdlIiwic2V0dGluZ3MiOnsicG9zdF9pZCI6IjI3MzIifX0=@\u00a0\u00bb url_new_window=\u00a0\u00bbon\u00a0\u00bb button_text=\u00a0\u00bbNous contacter\u00a0\u00bb button_alignment=\u00a0\u00bbcenter\u00a0\u00bb module_class=\u00a0\u00bbw-100&Prime; _builder_version=\u00a0\u00bb4.27.4&Prime; _dynamic_attributes=\u00a0\u00bbbutton_url\u00a0\u00bb _module_preset=\u00a0\u00bbdefault\u00a0\u00bb button_bg_color=\u00a0\u00bb#0C71C3&Prime; global_colors_info=\u00a0\u00bb{}\u00a0\u00bb][\/et_pb_button][\/et_pb_column][\/et_pb_row][\/et_pb_section]<\/p>\n","protected":false},"excerpt":{"rendered":"<p>DonateurEn faisant un don, vous contribuez \u00e0: am\u00e9liorer et multiplier les \u00e9v\u00e9nements et initiatives culturelles; enrichir les rayons de notre biblioth\u00e8que ind\u00e9pendante avec de nouveaux livres ; participer \u00e0 une communaut\u00e9 en ligne active (r\u00e9seaux sociaux et WhatsApp); renforcer l\u2019identit\u00e9 d\u2019OTIUM en tant que centre culturel moderne et inclusif. Les donateurs b\u00e9n\u00e9ficient d\u2019un acc\u00e8s exclusif [&hellip;]<\/p>\n","protected":false},"author":1,"featured_media":0,"parent":0,"menu_order":0,"comment_status":"closed","ping_status":"closed","template":"","meta":{"_acf_changed":false,"_et_pb_use_builder":"on","_et_pb_old_content":"","_et_gb_content_width":"","inline_featured_image":false,"footnotes":""},"class_list":["post-3171","page","type-page","status-publish","hentry"],"acf":[],"_links":{"self":[{"href":"https:\/\/otiumfeed.it\/fr\/wp-json\/wp\/v2\/pages\/3171","targetHints":{"allow":["GET"]}}],"collection":[{"href":"https:\/\/otiumfeed.it\/fr\/wp-json\/wp\/v2\/pages"}],"about":[{"href":"https:\/\/otiumfeed.it\/fr\/wp-json\/wp\/v2\/types\/page"}],"author":[{"embeddable":true,"href":"https:\/\/otiumfeed.it\/fr\/wp-json\/wp\/v2\/users\/1"}],"replies":[{"embeddable":true,"href":"https:\/\/otiumfeed.it\/fr\/wp-json\/wp\/v2\/comments?post=3171"}],"version-history":[{"count":73,"href":"https:\/\/otiumfeed.it\/fr\/wp-json\/wp\/v2\/pages\/3171\/revisions"}],"predecessor-version":[{"id":3679,"href":"https:\/\/otiumfeed.it\/fr\/wp-json\/wp\/v2\/pages\/3171\/revisions\/3679"}],"wp:attachment":[{"href":"https:\/\/otiumfeed.it\/fr\/wp-json\/wp\/v2\/media?parent=3171"}],"curies":[{"name":"wp","href":"https:\/\/api.w.org\/{rel}","templated":true}]}}